{"id":3000,"date":"2024-02-27T20:59:48","date_gmt":"2024-02-27T19:59:48","guid":{"rendered":"https:\/\/goodmove.cz\/?page_id=3000"},"modified":"2025-06-26T12:17:35","modified_gmt":"2025-06-26T11:17:35","slug":"vseobecne-obchodni-podminky-pro-skoleni","status":"publish","type":"page","link":"https:\/\/goodmove.cz\/ru\/vseobecne-obchodni-podminky-pro-skoleni\/","title":{"rendered":"V\u0161eobecn\u00e9 obchodn\u00ed podm\u00ednky pro \u0161kolen\u00ed"},"content":{"rendered":"<div id=\"fws_69f5b58a1d86b\"  data-column-margin=\"default\" data-midnight=\"dark\" data-top-percent=\"8%\" data-bottom-percent=\"6%\"  class=\"wpb_row vc_row-fluid vc_row full-width-section\"  style=\"padding-top: calc(100vw * 0.08); padding-bottom: calc(100vw * 0.06); \"><div class=\"row-bg-wrap\" data-bg-animation=\"none\" data-bg-overlay=\"false\"><div class=\"inner-wrap using-image\"><div class=\"row-bg using-image\"  style=\"background-image: url(https:\/\/goodmove.cz\/wp-content\/uploads\/2022\/08\/EGI7720.jpg); background-position: 0% 58%; background-repeat: no-repeat; \"><\/div><\/div><\/div><div class=\"row_col_wrap_12 col span_12 dark left\">\n\t<div  class=\"vc_col-sm-12 wpb_column column_container vc_column_container col centered-text no-extra-padding inherit_tablet inherit_phone\"  data-padding-pos=\"all\" data-has-bg-color=\"false\" data-bg-color=\"\" data-bg-opacity=\"1\" data-animation=\"\" data-delay=\"0\" >\n\t\t<div class=\"vc_column-inner\" >\n\t\t\t<div class=\"wpb_wrapper\">\n\t\t\t\t\r\n<div class=\"wpb_text_column wpb_content_element\" >\r\n\t<div class=\"wpb_wrapper\">\r\n\t\t<h1 class=\"para-mob-text\" style=\"text-align: center; color: #fff; font-size: 45px;\"><span style=\"color: #fffff;\">V\u0161eobecn\u00e9 obchodn\u00ed podm\u00ednky &#8211; \u0161kolen\u00ed<\/span><\/h1>\n\t<\/div>\r\n<\/div>\r\n\r\n\r\n\r\n\n\t\t\t<\/div> \n\t\t<\/div>\n\t<\/div> \n<\/div><\/div>\r\n\t\t<div id=\"fws_69f5b58a1ec16\"  data-column-margin=\"default\" data-midnight=\"dark\" data-top-percent=\"3%\" data-bottom-percent=\"3%\"  class=\"wpb_row vc_row-fluid vc_row full-width-section  home-blog\"  style=\"padding-top: calc(100vw * 0.03); padding-bottom: calc(100vw * 0.03); \"><div class=\"row-bg-wrap\" data-bg-animation=\"none\" data-bg-overlay=\"false\"><div class=\"inner-wrap\"><div class=\"row-bg\"  style=\"\"><\/div><\/div><\/div><div class=\"row_col_wrap_12 col span_12 dark left\">\n\t<div  class=\"vc_col-sm-12 actuality wpb_column column_container vc_column_container col no-extra-padding inherit_tablet inherit_phone\"  data-padding-pos=\"all\" data-has-bg-color=\"false\" data-bg-color=\"\" data-bg-opacity=\"1\" data-animation=\"\" data-delay=\"0\" >\n\t\t<div class=\"vc_column-inner\" >\n\t\t\t<div class=\"wpb_wrapper\">\n\t\t\t\t\r\n<div class=\"wpb_text_column wpb_content_element\" >\r\n\t<div class=\"wpb_wrapper\">\r\n\t\t<p>Tyto V\u0161eobecn\u00e9 obchodn\u00ed podm\u00ednky upravuj\u00ed podm\u00ednky \u00fa\u010dasti na rekvalifika\u010dn\u00edm kurzu Instruktor zdravotn\u00ed t\u011blesn\u00e9 v\u00fdchovy (akreditov\u00e1no M\u0160MT), po\u0159\u00e1dan\u00e9m spole\u010dnost\u00ed OCMC s.r.o., I\u010c: 118 744 65, se s\u00eddlem Na Lysin\u011b 772\/12, 147 00 Praha 4<\/p>\n<p><strong>Vymezen\u00ed pojm\u016f:<\/strong><br \/>\nKupuj\u00edc\u00edm je spotr\u030cebitel nebo podnikatel.<br \/>\nKupuj\u00edc\u00edm spotr\u030cebitelem, nebo jen spotr\u030cebitelem je c\u030clove\u030ck, kter\u00fd na rozd\u00edl od prod\u00e1vaj\u00edc\u00edho pr\u030ci uzav\u00edr\u00e1n\u00ed<\/p>\n<p>a plne\u030cn\u00ed smlouvy nejedn\u00e1 v r\u00e1mci sv\u00e9 podnikatelsk\u00e9 c\u030cinnosti, ani v r\u00e1mci samostatn\u00e9ho v\u00fdkonu sv\u00e9ho povol\u00e1n\u00ed.<\/p>\n<p>Kupuj\u00edc\u00ed, kter\u00fd nen\u00ed spotr\u030cebitel, je podnikatel. Za podnikatele se pova\u017euje tak\u00e9 ka\u017ed\u00e1 osoba, kter\u00e1 uzav\u00edr\u00e1 smlouvy souvisej\u00edc\u00ed s vlastn\u00ed obchodn\u00ed, v\u00fdrobn\u00ed nebo obdobnou c\u030cinnost\u00ed c\u030ci pr\u030ci samostatn\u00e9m v\u00fdkonu sv\u00e9ho povol\u00e1n\u00ed, popr\u030c\u00edpade\u030c osoba, kter\u00e1 jedn\u00e1 jm\u00e9nem nebo na \u00fac\u030cet podnikatele.<\/p>\n<p>Nab\u00eddka je pr\u00e1vn\u00ed jedn\u00e1n\u00ed sme\u030cr\u030cuj\u00edc\u00ed k uzavr\u030cen\u00ed smlouvy, pokud obsahuje podstatn\u00e9 n\u00e1le\u017eitosti smlouvy tak, aby smlouva mohla b\u00fdt uzavr\u030cena jeho jednoduch\u00fdm a nepodm\u00edne\u030cn\u00fdm pr\u030cijet\u00edm, a pokud z ne\u030cho plyne v\u016fle navrhovatele b\u00fdt smlouvou v\u00e1z\u00e1n, bude-li nab\u00eddka pr\u030cijata.<\/p>\n<p>M\u00e1 se za to, \u017ee n\u00e1vrh dodat zbo\u017e\u00ed nebo poskytnout slu\u017ebu za urc\u030cenou cenu uc\u030cine\u030cn\u00fd pr\u030ci podnikatelsk\u00e9 c\u030cinnosti reklamou, v katalogu nebo vystaven\u00edm zbo\u017e\u00ed je nab\u00eddkou s v\u00fdhradou vyc\u030cerp\u00e1n\u00ed z\u00e1sob nebo ztr\u00e1ty schopnosti podnikatele plnit.<\/p>\n<p><strong>Kontaktn\u00ed \u00fadaje &#8211; prodej zbo\u017e\u00ed nebo slu\u017eeb realizuj\u00ed n\u00e1sleduj\u00edc\u00ed provozovatel\u00e9: <\/strong><br \/>\nOCMC s.r.o., Na Lysin\u011b 772\/12, 147 00 Praha 4, I\u010c: 118 744 65, Odpov\u011bdn\u00e1 osoba: Michaela Holcov\u00e1, Email: holcova@goodmove.cz, Tel: +420 725 240 570<\/p>\n<p><strong>Objedn\u00e1n\u00ed slu\u017eby:<\/strong><br \/>\nPo obdr\u017een\u00ed objedn\u00e1vky potvrd\u00ed prod\u00e1vaj\u00edc\u00ed kupuj\u00edc\u00edmu objedn\u00e1vku a za\u0161le v\u00fdzvu k platb\u011b, jej\u00ed\u017e \u010d\u00edslo z\u00e1kazn\u00edk pou\u017eije p\u0159i platb\u011b jako variabiln\u00ed symbol &#8211; nepou\u017eit\u00edm variabiln\u00edho symbolu p\u0159i platb\u011b nem\u016f\u017ee prod\u00e1vaj\u00edc\u00ed zaru\u010dit v\u010dasn\u00e9 dohled\u00e1n\u00ed platby.<br \/>\nSplatnost je 14 dn\u00ed.<br \/>\nSmlouva je uzav\u0159ena okam\u017eikem p\u0159ips\u00e1n\u00ed platby na \u00fa\u010det spole\u010dnosti. Od tohoto okam\u017eiku je \u00fa\u010dastn\u00edk za\u0159azen do kurzu.<\/p>\n<p><strong>Kurz je mo\u017en\u00e9 pln\u011b hradit prost\u0159ednictv\u00edm \u00da\u0159adu pr\u00e1ce. V takov\u00e9m p\u0159\u00edpad\u011b je vy\u017eadov\u00e1na vratn\u00e1 z\u00e1loha ve v\u00fd\u0161i 17 490 K\u010d. Tato z\u00e1loha bude vr\u00e1cena po absolvov\u00e1n\u00ed kurzu a \u00fasp\u011b\u0161n\u00e9m slo\u017een\u00ed z\u00e1v\u011bre\u010dn\u00e9 zkou\u0161ky. Lh\u016fta na slo\u017een\u00ed zkou\u0161ky je do 30.4. 2027. D\u00e1le je po\u017eadov\u00e1n administrativn\u00ed poplatek 750 K\u010d, jeho\u017e \u00fahrada bude po\u017eadov\u00e1na schv\u00e1len\u00ed Potvrzen\u00ed \u00fahrady ceny rekvalifika\u010dn\u00edho kurzu.<\/strong><\/p>\n<p>P\u0159i zm\u011bn\u011b podm\u00ednek organiz\u00e1torem (m\u00edsto, datum). V p\u0159\u00edpad\u011b zru\u0161en\u00ed kurzu ze strany po\u0159adatele je vr\u00e1cena cel\u00e1 \u010d\u00e1stka do 30 dn\u00ed.<\/p>\n<p>Uzav\u0159en\u00edm kupn\u00ed smlouvy kupuj\u00edc\u00ed vyslovuje souhlas s podm\u00ednkami a pravidly pro registraci a \u00fa\u010dast na programu<br \/>\n&#8211; s uve\u0159ejn\u011bn\u00edm v seznamu absolvent\u016f dan\u00e9ho programu a s pou\u017eit\u00edm po\u0159izovan\u00fdch fotografi\u00ed a videoz\u00e1znamu organiz\u00e1torem b\u011bhem v\u00fduky a jejich n\u00e1sledn\u00fdm zve\u0159ejn\u011bn\u00edm p\u0159i propagaci programu organiz\u00e1tora,<br \/>\n&#8211; souhlas\u00ed s t\u00edm, \u017ee b\u011bhem v\u00fduky nebude po\u0159izovat \u017e\u00e1dn\u00fd video a audio z\u00e1znam,<br \/>\n&#8211; s pou\u017eit\u00edm poskytnut\u00fdch \u00fadaj\u016f k marketingov\u00fdm \u00fa\u010del\u016fm (nap\u0159. zas\u00edl\u00e1n\u00ed novinek e-mailem apod.), z\u00e1kazn\u00edk m\u016f\u017ee po\u017e\u00e1dat p\u00edsemn\u011b o v\u00fdmaz z datab\u00e1ze na e-mailovou adresu<\/p>\n<p><strong>STORNOVAC\u00cd PODM\u00cdNKY P\u0158I ODHL\u00c1\u0160EN\u00cd Z KURZU:<\/strong><\/p>\n<p data-start=\"1232\" data-end=\"1269\"><strong data-start=\"1232\" data-end=\"1269\">Zru\u0161en\u00ed \u00fa\u010dasti ze strany klienta:<\/strong><\/p>\n<ul data-start=\"1270\" data-end=\"1433\">\n<li data-start=\"1270\" data-end=\"1318\">\n<p data-start=\"1272\" data-end=\"1318\">v\u00edce ne\u017e 90 dn\u00ed p\u0159ed kurzem \u2013 <strong data-start=\"1302\" data-end=\"1318\">vrac\u00edme 50 %<\/strong><\/p>\n<\/li>\n<li data-start=\"1319\" data-end=\"1361\">\n<p data-start=\"1321\" data-end=\"1361\">30\u201390 dn\u00ed p\u0159ed kurzem \u2013 <strong data-start=\"1345\" data-end=\"1361\">vrac\u00edme 20 %<\/strong><\/p>\n<\/li>\n<li data-start=\"1362\" data-end=\"1400\">\n<p data-start=\"1364\" data-end=\"1400\">m\u00e9n\u011b ne\u017e 30 dn\u00ed \u2013 <strong data-start=\"1382\" data-end=\"1400\">\u010d\u00e1stka propad\u00e1<\/strong><\/p>\n<\/li>\n<li data-start=\"1401\" data-end=\"1433\">\n<p data-start=\"1403\" data-end=\"1433\">je mo\u017en\u00e9 <strong data-start=\"1412\" data-end=\"1433\">poslat n\u00e1hradn\u00edka<\/strong><\/p>\n<\/li>\n<\/ul>\n<p>(P\u0159i ne\u00fa\u010dasti na tomto kurzu ji\u017e uhrazen\u00e1 \u010d\u00e1stka propad\u00e1.)<\/p>\n<p><strong>Ochrana osobn\u00edch \u00fadaj\u016f:<\/strong><br \/>\nOchrana osobn\u00edch \u00fadaj\u016f se \u0159\u00edd\u00ed Na\u0159\u00edzen\u00edm Evropsk\u00e9ho parlamentu a Rady (EU) 2016\/679 (GDPR). Kupuj\u00edc\u00ed souhlas\u00ed se zpracov\u00e1n\u00edm osobn\u00edch \u00fadaj\u016f v rozsahu nezbytn\u00e9m pro administraci kurzu a zas\u00edl\u00e1n\u00ed informac\u00ed.<br \/>\nKupuj\u00edc\u00ed souhlas\u00ed se zpracov\u00e1n\u00edm te\u030cchto sv\u00fdch osobn\u00edch \u00fadaj\u016f: jm\u00e9no a pr\u030c\u00edjmen\u00ed, adresa bydli\u0161te\u030c, identifikac\u030cn\u00ed c\u030c\u00edslo, dan\u030cov\u00e9 identifikac\u030cn\u00ed c\u030c\u00edslo, adresa elektronick\u00e9 po\u0161ty, telefonn\u00ed c\u030c\u00edslo a jin\u00e9 informace uveden\u00e9 pr\u030ci registraci (d\u00e1le spolec\u030cne\u030c v\u0161e jen jako \u201eosobn\u00ed \u00fadaje\u201c).<br \/>\nKupuj\u00edc\u00ed souhlas\u00ed se zpracov\u00e1n\u00edm osobn\u00edch \u00fadaj\u016f prod\u00e1vaj\u00edc\u00edm, a to pro \u00fac\u030cely realizace pr\u00e1v a povinnost\u00ed z kupn\u00ed smlouvy a pro \u00fac\u030cely zas\u00edl\u00e1n\u00ed informac\u00ed a obchodn\u00edch sde\u030clen\u00ed prod\u00e1vaj\u00edc\u00edmu.<br \/>\nKupuj\u00edc\u00ed potvrzuje, \u017ee poskytnut\u00e9 osobn\u00ed \u00fadaje jsou pr\u030cesn\u00e9 a \u017ee byl pouc\u030cen o tom, \u017ee se jedn\u00e1 o dobrovoln\u00e9 poskytnut\u00ed osobn\u00edch \u00fadaj\u016f. Kupuj\u00edc\u00ed prohla\u0161uje, \u017ee byl pouc\u030cen o tom, \u017ee souhlas se zpracov\u00e1n\u00edm osobn\u00edch \u00fadaj\u016f m\u016f\u017ee ve vztahu k prod\u00e1vaj\u00edc\u00edmu odvolat p\u00edsemn\u00fdm ozn\u00e1men\u00edm doruc\u030cen\u00fdm na adresu prod\u00e1vaj\u00edc\u00edho.<\/p>\n<p><strong>Z\u00e1v\u011bre\u010dn\u00e1 ustanoven\u00ed:<\/strong><br \/>\nTyto podm\u00ednky se \u0159\u00edd\u00ed pr\u00e1vn\u00edm \u0159\u00e1dem \u010cesk\u00e9 republiky. P\u0159\u00edpadn\u00e9 spory budou \u0159e\u0161eny u v\u011bcn\u011b a m\u00edstn\u011b p\u0159\u00edslu\u0161n\u00e9ho soudu dle s\u00eddla spole\u010dnosti OCMC s.r.o.<\/p>\n\t<\/div>\r\n<\/div>\r\n\r\n\r\n\r\n\n\t\t\t<\/div> \n\t\t<\/div>\n\t<\/div> \n<\/div><\/div>","protected":false},"excerpt":{"rendered":"V\u0161eobecn\u00e9 obchodn\u00ed podm\u00ednky - \u0161kolen\u00ed Tyto V\u0161eobecn\u00e9 obchodn\u00ed podm\u00ednky upravuj\u00ed podm\u00ednky \u00fa\u010dasti na rekvalifika\u010dn\u00edm kurzu Instruktor zdravotn\u00ed t\u011blesn\u00e9 v\u00fdchovy (akreditov\u00e1no M\u0160MT), po\u0159\u00e1dan\u00e9m spole\u010dnost\u00ed OCMC s.r.o., I\u010c: 118 744 65, se s\u00eddlem Na Lysin\u011b 772\/12, 147...","protected":false},"author":1,"featured_media":0,"parent":0,"menu_order":0,"comment_status":"closed","ping_status":"closed","template":"","meta":{"inline_featured_image":false,"footnotes":""},"class_list":["post-3000","page","type-page","status-publish"],"rankMath":{"parentDomain":"goodmove.cz","noFollowDomains":[],"noFollowExcludeDomains":[],"noFollowExternalLinks":false,"featuredImageNotice":"\u041f\u043e\u043a\u0430\u0437\u0430\u043d\u043d\u043e\u0435 \u0438\u0437\u043e\u0431\u0440\u0430\u0436\u0435\u043d\u0438\u0435 \u0434\u043e\u043b\u0436\u043d\u043e \u0431\u044b\u0442\u044c \u0440\u0430\u0437\u043c\u0435\u0440\u043e\u043c \u043d\u0435 \u043c\u0435\u043d\u0435\u0435 200 \u043d\u0430 200 \u043f\u0438\u043a\u0441\u0435\u043b\u0435\u0439, \u0447\u0442\u043e\u0431\u044b \u0435\u0433\u043e \u043c\u043e\u0433\u043b\u0438 \u0443\u0432\u0438\u0434\u0435\u0442\u044c Facebook \u0438 \u0434\u0440\u0443\u0433\u0438\u0435 \u0441\u0430\u0439\u0442\u044b \u0441\u043e\u0446\u0438\u0430\u043b\u044c\u043d\u044b\u0445 \u0441\u0435\u0442\u0435\u0439.","pluginReviewed":true,"postSettings":{"linkSuggestions":true,"useFocusKeyword":false},"frontEndScore":false,"postName":"vseobecne-obchodni-podminky-pro-skoleni","permalinkFormat":"https:\/\/goodmove.cz\/ru\/%pagename%\/","showLockModifiedDate":true,"assessor":{"focusKeywordLink":"https:\/\/goodmove.cz\/wp-admin\/edit.php?focus_keyword=%focus_keyword%&post_type=%post_type%","hasTOCPlugin":false,"primaryTaxonomy":false,"serpData":{"title":"Kurzy, semin\u00e1\u0159e, workshopy","description":"Kurzy, semin\u00e1\u0159e a sportovn\u00ed workshopy pro vrcholov\u00e9 sportovce i \u0161irokou ve\u0159ejnost. \u0160kolen\u00ed pro va\u0161e lektory.","focusKeywords":"Kurz,DNS kurz,sportovn\u00ed workshopy,sportovn\u00ed kurzy","pillarContent":false,"canonicalUrl":"","breadcrumbTitle":"","advancedRobots":[],"facebookTitle":"","facebookDescription":"","facebookImage":"","facebookImageID":"","facebookHasOverlay":false,"facebookImageOverlay":"","facebookAuthor":"","twitterCardType":"","twitterUseFacebook":true,"twitterTitle":"","twitterDescription":"","twitterImage":"","twitterImageID":"","twitterHasOverlay":false,"twitterImageOverlay":"","twitterPlayerUrl":"","twitterPlayerSize":"","twitterPlayerStream":"","twitterPlayerStreamCtype":"","twitterAppDescription":"","twitterAppIphoneName":"","twitterAppIphoneID":"","twitterAppIphoneUrl":"","twitterAppIpadName":"","twitterAppIpadID":"","twitterAppIpadUrl":"","twitterAppGoogleplayName":"","twitterAppGoogleplayID":"","twitterAppGoogleplayUrl":"","twitterAppCountry":"","robots":{"index":true},"twitterAuthor":"\u0438\u043c\u044f \u043f\u043e\u043b\u044c\u0437\u043e\u0432\u0430\u0442\u0435\u043b\u044f","primaryTerm":0,"authorName":"admin","titleTemplate":"%title% %sep% %sitename%","descriptionTemplate":"%excerpt%","showScoreFrontend":true,"lockModifiedDate":false},"powerWords":[],"diacritics":{"A":"[\\u0410\\u0430]","B":"[\\u0411\\u0431]","V":"[\\u0412\\u0432]","G":"[\\u0413\\u0433]","D":"[\\u0414\\u0434]","YE":"[\\u0415\\u0435]","YO":"[\\u0401\\u0451]","ZH":"[\\u0416\\u0436]","Z":"[\\u0417\\u0437]","EE":"[\\u0418\\u0438]","YI":"[\\u0419\\u0439]","K":"[\\u041A\\u043A]","L":"[\\u041B\\u043B]","M":"[\\u041C\\u043c]","P":"[\\u041F\\u043F]","T":"[\\u0422\\u0442]","U":"[\\u0423\\u0443]","F":"[\\u0424\\u0444]","H":"[\\u0425\\u0445]","TS":"[\\u0426\\u0446]","CH":"[\\u0427\\u0447]","SH":"[\\u0428\\u0448\\u0429\\u0449]","I":"[\\u042B\\u044B]","E":"[\\u042D\\u044D]","YU":"[\\u042E\\u044E]","YA":"[\\u042F\\u044F]","N":"[\\u041D\\u043D]"},"researchesTests":["contentHasTOC","contentHasShortParagraphs","contentHasAssets","keywordInTitle","keywordInMetaDescription","keywordInPermalink","keywordIn10Percent","keywordInContent","keywordInSubheadings","keywordInImageAlt","keywordDensity","keywordNotUsed","lengthContent","lengthPermalink","linksHasInternal","linksHasExternals","linksNotAllExternals","titleStartWithKeyword","titleSentiment","titleHasPowerWords","titleHasNumber","hasContentAI"],"hasRedirection":false,"hasBreadcrumb":false},"homeUrl":"https:\/\/goodmove.cz\/ru","objectID":3000,"objectType":"post","locale":"ru","localeFull":"ru_RU","overlayImages":{"play":{"name":"Play \u0438\u043a\u043e\u043d\u043a\u0430","url":"https:\/\/goodmove.cz\/wp-content\/plugins\/seo-by-rank-math\/assets\/admin\/img\/icon-play.png","path":"\/data\/web\/virtuals\/285551\/virtual\/www\/domains\/goodmove.cz\/wp-content\/plugins\/seo-by-rank-math\/assets\/admin\/img\/icon-play.png","position":"middle_center"},"gif":{"name":"GIF \u0438\u043a\u043e\u043d\u043a\u0430","url":"https:\/\/goodmove.cz\/wp-content\/plugins\/seo-by-rank-math\/assets\/admin\/img\/icon-gif.png","path":"\/data\/web\/virtuals\/285551\/virtual\/www\/domains\/goodmove.cz\/wp-content\/plugins\/seo-by-rank-math\/assets\/admin\/img\/icon-gif.png","position":"middle_center"}},"defautOgImage":"https:\/\/goodmove.cz\/wp-content\/plugins\/seo-by-rank-math\/assets\/admin\/img\/social-placeholder.jpg","customPermalinks":true,"isUserRegistered":true,"autoSuggestKeywords":true,"connectSiteUrl":"https:\/\/rankmath.com\/auth?site=https%3A%2F%2Fgoodmove.cz%2Fru&r=https%3A%2F%2Fgoodmove.cz%2Fru%2Fwp-json%2Fwp%2Fv2%2Fpages%2F3000%3Fnonce%3Dfbc62a4fbc","maxTags":5,"trendsIcon":"<svg viewBox=\"0 0 610 610\"><path d=\"M18.85,446,174.32,290.48l58.08,58.08L76.93,504a14.54,14.54,0,0,1-20.55,0L18.83,466.48a14.54,14.54,0,0,1,0-20.55Z\" style=\"fill:#4285f4\"\/><path d=\"M242.65,242.66,377.59,377.6l-47.75,47.75a14.54,14.54,0,0,1-20.55,0L174.37,290.43l47.75-47.75A14.52,14.52,0,0,1,242.65,242.66Z\" style=\"fill:#ea4335\"\/><polygon points=\"319.53 319.53 479.26 159.8 537.34 217.88 377.61 377.62 319.53 319.53\" style=\"fill:#fabb05\"\/><path d=\"M594.26,262.73V118.61h0a16.94,16.94,0,0,0-16.94-16.94H433.2a16.94,16.94,0,0,0-12,28.92L565.34,274.71h0a16.94,16.94,0,0,0,28.92-12Z\" style=\"fill:#34a853\"\/><rect width=\"610\" height=\"610\" style=\"fill:none\"\/><\/svg>","showScore":true,"siteFavIcon":"data:image\/png;base64,iVBORw0KGgoAAAANSUhEUgAAABAAAAAQCAYAAAAf8\/9hAAABs0lEQVR4AWL4\/\/8\/RRjO8Iucx+noO0MWUDo16FYABMGP6ZfUcRnWtm27jVPbtm3bttuH2t3eFPcY9pLz7NxiLjCyVd87pKnHyqXyxtCs8APd0rnyxiu4qSeA3QEDrAwBDrT1s1Rc\/OrjLZwqVmOSu6+Lamcpp2KKMA9PH1BYXMe1mUP5qotvXTywsOEEYHXxrY+3cqk6TMkYpNr2FeoY3KIr0RPtn9wQ2unlA+GMkRw6+9TFw4YTwDUzx\/JVvARj9KaedXRO8P5B1Du2S32smzqUrcKGEyA+uAgQjKX7zf0boWHGfn71jIKj2689gxp7OAGShNcBUmLMPVjZuiKcA2vuWHHDCQxMCz629kXAIU4ApY15QwggAFbfOP9DhgBJ+nWVJ1AZAfICAj1pAlY6hCADZnveQf7bQIwzVONGJonhLIlS9gr5mFg44Xd+4S3XHoGNPdJl1INIwKyEgHckEhgTe1bGiFY9GSFBYUwLh1IkiJUbY407E7syBSFxKTszEoiE\/YdrgCEayDmtaJwCI9uu8TKMuZSVfSa4BpGgzvomBR\/INhLGzrqDotp01ZR8pn\/1L0JN9d9XNyx0AAAAAElFTkSuQmCC","canUser":{"general":false,"advanced":false,"snippet":false,"social":false,"analysis":false,"analytics":false,"content_ai":false},"showKeywordIntent":true,"isPro":false,"is_front_page":false,"trendsUpgradeLink":"https:\/\/rankmath.com\/pricing\/?utm_source=Plugin&utm_medium=CE%20General%20Tab%20Trends&utm_campaign=WP","trendsUpgradeLabel":"\u0410\u043f\u0433\u0440\u0435\u0439\u0434","trendsPreviewImage":"https:\/\/goodmove.cz\/wp-content\/plugins\/seo-by-rank-math\/assets\/admin\/img\/trends-preview.jpg","currentEditor":false,"homepageData":{"assessor":{"powerWords":[],"diacritics":true,"researchesTests":["contentHasTOC","contentHasShortParagraphs","contentHasAssets","keywordInTitle","keywordInMetaDescription","keywordInPermalink","keywordIn10Percent","keywordInContent","keywordInSubheadings","keywordInImageAlt","keywordDensity","keywordNotUsed","lengthContent","lengthPermalink","linksHasInternal","linksHasExternals","linksNotAllExternals","titleStartWithKeyword","titleSentiment","titleHasPowerWords","titleHasNumber","hasContentAI"],"hasBreadcrumb":false,"serpData":{"title":"%sitename% %page% %sep% %sitedesc%","description":"","titleTemplate":"%sitename% %page% %sep% %sitedesc%","descriptionTemplate":"","focusKeywords":"","breadcrumbTitle":"Home","robots":{"index":true},"advancedRobots":[],"facebookTitle":"","facebookDescription":"","facebookImage":"","facebookImageID":""}}},"tocTitle":"Table of Contents","tocExcludeHeadings":[],"listStyle":"ul"},"_links":{"self":[{"href":"https:\/\/goodmove.cz\/ru\/wp-json\/wp\/v2\/pages\/3000","targetHints":{"allow":["GET"]}}],"collection":[{"href":"https:\/\/goodmove.cz\/ru\/wp-json\/wp\/v2\/pages"}],"about":[{"href":"https:\/\/goodmove.cz\/ru\/wp-json\/wp\/v2\/types\/page"}],"author":[{"embeddable":true,"href":"https:\/\/goodmove.cz\/ru\/wp-json\/wp\/v2\/users\/1"}],"replies":[{"embeddable":true,"href":"https:\/\/goodmove.cz\/ru\/wp-json\/wp\/v2\/comments?post=3000"}],"version-history":[{"count":10,"href":"https:\/\/goodmove.cz\/ru\/wp-json\/wp\/v2\/pages\/3000\/revisions"}],"predecessor-version":[{"id":3248,"href":"https:\/\/goodmove.cz\/ru\/wp-json\/wp\/v2\/pages\/3000\/revisions\/3248"}],"wp:attachment":[{"href":"https:\/\/goodmove.cz\/ru\/wp-json\/wp\/v2\/media?parent=3000"}],"curies":[{"name":"wp","href":"https:\/\/api.w.org\/{rel}","templated":true}]}}