{"id":3,"date":"2021-10-12T16:10:12","date_gmt":"2021-10-12T16:10:12","guid":{"rendered":"http:\/\/goodmove.cz\/?page_id=3"},"modified":"2022-09-26T12:06:35","modified_gmt":"2022-09-26T11:06:35","slug":"privacy-policy","status":"publish","type":"page","link":"https:\/\/goodmove.cz\/ru\/privacy-policy\/","title":{"rendered":"Privacy Policy"},"content":{"rendered":"<div id=\"fws_69f70e4f7a305\"  data-column-margin=\"default\" data-midnight=\"dark\"  class=\"wpb_row vc_row-fluid vc_row\"  style=\"padding-top: 0px; padding-bottom: 0px; \"><div class=\"row-bg-wrap\" data-bg-animation=\"none\" data-bg-overlay=\"false\"><div class=\"inner-wrap\"><div class=\"row-bg\"  style=\"\"><\/div><\/div><\/div><div class=\"row_col_wrap_12 col span_12 dark left\">\n\t<div  class=\"vc_col-sm-12 wpb_column column_container vc_column_container col no-extra-padding inherit_tablet inherit_phone\"  data-padding-pos=\"all\" data-has-bg-color=\"false\" data-bg-color=\"\" data-bg-opacity=\"1\" data-animation=\"\" data-delay=\"0\" >\n\t\t<div class=\"vc_column-inner\" >\n\t\t\t<div class=\"wpb_wrapper\">\n\t\t\t\t\r\n<div class=\"wpb_text_column wpb_content_element\" >\r\n\t<div class=\"wpb_wrapper\">\r\n\t\t<h2 style=\"text-align: center;\">Informace o ochran\u011b osobn\u00edch \u00fadaj\u016f<\/h2>\n<div>\n<p>Pokud jste z\u00e1kazn\u00edkem, odb\u011bratelem novinek nebo n\u00e1v\u0161t\u011bvn\u00edkem webu, sv\u011b\u0159ujete mi sv\u00e9 osobn\u00ed \u00fadaje. J\u00e1 zodpov\u00edd\u00e1m za jejich ochranu a zabezpe\u010den\u00ed. Seznamte se, pros\u00edm, s ochranou osobn\u00edch \u00fadaj\u016f, z\u00e1sadami a pr\u00e1vy, kter\u00e9 m\u00e1te v\u00a0souvislosti s\u00a0GDPR (Na\u0159\u00edzen\u00ed o\u00a0ochran\u011b osobn\u00edch \u00fadaj\u016f).<\/p>\n<p>&nbsp;<\/p>\n<p><strong>Kdo je spr\u00e1vce?<\/strong><\/p>\n<p>Jsem Michaela Chramostov\u00e1 a jsem jednatelkou OCMC s.r.o, Na Lysin\u011b 772\/12, Praha 4 Podol\u00ed, I\u010c: 118 744 65 a provozuji webovou str\u00e1nku https:\/\/goodmove.cz\/ Va\u0161e<br \/>osobn\u00ed \u00fadaje zpracov\u00e1v\u00e1m jako spr\u00e1vce, tj. ur\u010duji\u00a0 jak budou osobn\u00ed \u00fadaje zpracov\u00e1v\u00e1ny a za jak\u00fdm \u00fa\u010delem, po jak dlouhou dobu a vyb\u00edr\u00e1m p\u0159\u00edpadn\u00e9 dal\u0161\u00ed zpracovatele, kte\u0159\u00ed mi \/n\u00e1m se zpracov\u00e1n\u00edm budou pom\u00e1hat.<\/p>\n<p>&nbsp;<\/p>\n<p><strong>Kontaktn\u00ed \u00fadaje<\/strong><\/p>\n<p>Pokud se na m\u011b budete cht\u00edt v pr\u016fb\u011bhu zpracov\u00e1n\u00ed obr\u00e1tit, m\u016f\u017eete m\u011b kontaktovat na e-mail: goodmove@goodmove.cz<\/p>\n<p><strong>Prohla\u0161uji<\/strong><\/p>\n<p>Prohla\u0161uji, \u017ee jako spr\u00e1vce va\u0161ich osobn\u00edch \u00fadaj\u016f spl\u0148uji ve\u0161ker\u00e9 z\u00e1konn\u00e9 povinnosti vy\u017eadovan\u00e9 platnou legislativou, zejm\u00e9na z\u00e1konem o\u00a0ochran\u011b osobn\u00edch \u00fadaj\u016f a<br \/>GDPR, a\u00a0tedy \u017ee:<\/p>\n<p>budu zpracov\u00e1vat va\u0161e osobn\u00ed \u00fadaje jen na z\u00e1klad\u011b platn\u00e9ho pr\u00e1vn\u00edho d\u016fvodu, a to p\u0159edev\u0161\u00edm opr\u00e1vn\u011bn\u00e9ho z\u00e1jmu, pln\u011bn\u00ed smlouvy, z\u00e1konn\u00e9 povinnosti \u010di ud\u011blen\u00e9ho souhlasu,<\/p>\n<p>pln\u00edm dle \u010dl\u00e1nku 13 GDPR informa\u010dn\u00ed povinnost je\u0161t\u011b p\u0159ed zah\u00e1jen\u00edm zpracov\u00e1n\u00ed osobn\u00edch \u00fadaj\u016f,<\/p>\n<p>umo\u017en\u00edm a budu v\u00e1s podporovat v uplat\u0148ov\u00e1n\u00ed a pln\u011bn\u00ed va\u0161ich pr\u00e1v podle z\u00e1kona o\u00a0ochran\u011b osobn\u00edch \u00fadaj\u016f a\u00a0GDPR<\/p>\n<p><em><strong>Rozsah osobn\u00edch \u00fadaj\u016f a\u00a0\u00fa\u010dely zpracov\u00e1n\u00ed<\/strong><\/em><\/p>\n<p>Zpracov\u00e1v\u00e1m osobn\u00ed \u00fadaje, kter\u00e9 mi sv\u011b\u0159\u00edte sami, a to z n\u00e1sleduj\u00edc\u00edch d\u016fvod\u016f (pro napln\u011bn\u00ed t\u011bchto \u00fa\u010del\u016f):<\/p>\n<p>\u25cf veden\u00ed \u00fa\u010detnictv\u00ed<br \/>Jste-li z\u00e1kazn\u00edky, va\u0161e osobn\u00ed \u00fadaje (faktura\u010dn\u00ed \u00fadaje) nezbytn\u011b pot\u0159ebujeme, abychom vyhov\u011bli z\u00e1konn\u00e9 povinnosti pro vystavov\u00e1n\u00ed a\u00a0evidenci da\u0148ov\u00fdch doklad\u016f.<br \/>\u25cf marketing &#8211; zas\u00edl\u00e1n\u00ed newsletter\u016f Va\u0161e osobn\u00ed \u00fadaje (e-mail a jm\u00e9no), pohlav\u00ed, na co klik\u00e1te v e-mailu a kdy je nej\u010dast\u011bji otev\u00edr\u00e1te vyu\u017e\u00edv\u00e1me za \u00fa\u010delem p\u0159\u00edm\u00e9ho marketingu &#8211; zas\u00edl\u00e1n\u00ed obchodn\u00edch sd\u011blen\u00ed. Jste-li na\u0161\u00edm z\u00e1kazn\u00edkem, d\u011bl\u00e1me tak z opr\u00e1vn\u011bn\u00e9ho z\u00e1jmu, nebo\u0165 d\u016fvodn\u011b p\u0159edpokl\u00e1d\u00e1me, \u017ee v\u00e1s na\u0161e novinky zaj\u00edmaj\u00ed, a to po dobu 5 let od posledn\u00ed objedn\u00e1vky.<br \/>Pokud nejste na\u0161\u00edm z\u00e1kazn\u00edkem, zas\u00edl\u00e1me v\u00e1m newslettery jen na z\u00e1klad\u011b va\u0161eho souhlasu, po\u00a0dobu 5 let od ud\u011blen\u00ed. V\u00a0obou p\u0159\u00edpadech m\u016f\u017eete tento souhlas odvolat<br \/>pou\u017eit\u00edm odhla\u0161ovac\u00edho odkazu v\u00a0ka\u017ed\u00e9m zaslan\u00e9m e-mailu.<\/p>\n<p>Va\u0161e osobn\u00ed \u00fadaje si ponech\u00e1v\u00e1me po\u00a0dobu b\u011bhu proml\u010dec\u00edch lh\u016ft, pokud z\u00e1kon nestanov\u00ed del\u0161\u00ed dobu k\u00a0jejich uchov\u00e1n\u00ed nebo jsme v\u00a0konkr\u00e9tn\u00edch p\u0159\u00edpadech neuvedli jinak.<\/p>\n<p><em><strong>Cookies<\/strong><\/em><\/p>\n<p>P\u0159i proch\u00e1zen\u00ed m\u00fdch webov\u00fdch str\u00e1nek zaznamen\u00e1v\u00e1me va\u0161i IP adresu, jak dlouho se na\u00a0str\u00e1nce zdr\u017e\u00edte a\u00a0ze kter\u00e9 str\u00e1nky p\u0159ich\u00e1z\u00edte. Pou\u017e\u00edv\u00e1n\u00ed cookies pro m\u011b\u0159en\u00ed<br \/>n\u00e1v\u0161t\u011bvnosti webu a p\u0159izp\u016fsoben\u00ed zobrazen\u00ed webov\u00fdch str\u00e1nek vn\u00edm\u00e1me jako sv\u016fj opr\u00e1vn\u011bn\u00fd z\u00e1jem spr\u00e1vce, nebo\u0165 v\u011b\u0159\u00edme, \u017ee d\u00edky tomu v\u00e1m m\u016f\u017eeme nab\u00eddnout je\u0161t\u011b lep\u0161\u00ed slu\u017eby.<\/p>\n<p>Cookies pro c\u00edlen\u00ed reklamy budou zpracov\u00e1v\u00e1ny jen na\u00a0z\u00e1klad\u011b va\u0161eho souhlasu.<\/p>\n<p>Moje webov\u00e9 str\u00e1nky lze proch\u00e1zet tak\u00e9 v re\u017eimu, kter\u00fd neumo\u017e\u0148uje sb\u00edr\u00e1n\u00ed osobn\u00edch \u00fadaj\u016f. Pou\u017e\u00edv\u00e1n\u00ed cookies m\u016f\u017eete na\u00a0sv\u00e9m po\u010d\u00edta\u010di zak\u00e1zat.<\/p>\n<p>&nbsp;<\/p>\n<p><strong>Zabezpe\u010den\u00ed a\u00a0ochrana osobn\u00edch \u00fadaj\u016f<\/strong><\/p>\n<p>Chr\u00e1n\u00edm osobn\u00ed \u00fadaje v maxim\u00e1ln\u00ed mo\u017en\u00e9 m\u00ed\u0159e pomoc\u00ed modern\u00edch technologi\u00ed, kter\u00e9 odpov\u00eddaj\u00ed stupni technick\u00e9ho rozvoje. Chr\u00e1n\u00edm je jako kdyby byly moje vlastn\u00ed.<br \/>P\u0159ijala jsem a udr\u017euji ve\u0161ker\u00e1 mo\u017en\u00e1 (aktu\u00e1ln\u011b zn\u00e1m\u00e1) technick\u00e1 a organiza\u010dn\u00ed opat\u0159en\u00ed, kter\u00e1 zamezuj\u00ed zneu\u017eit\u00ed, po\u0161kozen\u00ed nebo zni\u010den\u00ed va\u0161ich osobn\u00edch \u00fadaj\u016f.<\/p>\n<p>&nbsp;<\/p>\n<p><strong>P\u0159ed\u00e1n\u00ed osobn\u00edch \u00fadaj\u016f t\u0159et\u00edm osob\u00e1m<\/strong><\/p>\n<p>Pro zaji\u0161t\u011bn\u00ed konkr\u00e9tn\u00edch zpracovatelsk\u00fdch operac\u00ed, kter\u00e9 nedok\u00e1\u017ei zajistit vlastn\u00edmi silami, vyu\u017e\u00edv\u00e1m slu\u017eeb a aplikac\u00ed zpracovatel\u016f, kte\u0159\u00ed um\u00ed data ochr\u00e1nit je\u0161t\u011b l\u00e9pe ne\u017e j\u00e1 a\u00a0na dan\u00e9 zpracov\u00e1n\u00ed se specializuj\u00ed.<br \/>Jsou to poskytovatel\u00e9 n\u00e1sleduj\u00edc\u00edch platforem:<br \/>SmartSelling a.s. (SmartEmailing, MioWeb, FAPI, Proaffil)<br \/>Meta<br \/>Google<br \/>\u00fa\u010detn\u00ed firma\u2026<\/p>\n<p>Je mo\u017en\u00e9, \u017ee se v budoucnu rozhodnu vyu\u017e\u00edt dal\u0161\u00ed aplikace \u010di zpracovatele, pro usnadn\u011bn\u00ed a zkvalitn\u011bn\u00ed zpracov\u00e1n\u00ed. Slibuji v\u00e1m v\u0161ak, \u017ee v takov\u00e9m p\u0159\u00edpad\u011b p\u0159i v\u00fdb\u011bru, budu na zpracovatele kl\u00e1st minim\u00e1ln\u011b stejn\u00e9 n\u00e1roky na zabezpe\u010den\u00ed a kvalitu zpracov\u00e1n\u00ed jako na\u00a0sebe.<\/p>\n<p>&nbsp;<\/p>\n<p><strong>P\u0159ed\u00e1v\u00e1n\u00ed dat mimo Evropskou unii<\/strong><\/p>\n<p>Ve\u0161ker\u00e9 zpracov\u00e1n\u00ed osobn\u00edch \u00fadaj\u016f bude prov\u00e1d\u011bno na\u00a0\u00fazem\u00ed EU.<\/p>\n<p>&nbsp;<\/p>\n<p><strong>Va\u0161e pr\u00e1va v\u00a0souvislosti s\u00a0ochranou osobn\u00edch \u00fadaj\u016f<\/strong><\/p>\n<p>V souvislosti s ochranou osobn\u00edch \u00fadaj\u016f m\u00e1te \u0159adu pr\u00e1v. Pokud budete cht\u00edt n\u011bkter\u00e9ho z t\u011bchto pr\u00e1v vyu\u017e\u00edt, pros\u00edm, kontaktujte m\u011b prost\u0159ednictv\u00edm e-mailu: goodmove@goodmove.cz.<\/p>\n<p>M\u00e1te\u00a0<strong>pr\u00e1vo na\u00a0informace<\/strong>, kter\u00e9 je pln\u011bno ji\u017e touto informa\u010dn\u00ed str\u00e1nkou se z\u00e1sadami zpracov\u00e1n\u00ed osobn\u00edch \u00fadaj\u016f.<\/p>\n<p>D\u00edky\u00a0<strong>pr\u00e1vu na\u00a0p\u0159\u00edstup<\/strong> m\u011b m\u016f\u017eete kdykoli vyzvat a j\u00e1 v\u00e1m dolo\u017e\u00edm ve lh\u016ft\u011b 30 dn\u00ed, jak\u00e9\u00a0va\u0161e osobn\u00ed \u00fadaje zpracov\u00e1v\u00e1m a\u00a0pro\u010d.<\/p>\n<p>Pokud se u\u00a0v\u00e1s n\u011bco zm\u011bn\u00ed nebo shled\u00e1te sv\u00e9 osobn\u00ed \u00fadaje neaktu\u00e1ln\u00ed nebo ne\u00fapln\u00e9, m\u00e1te\u00a0<strong>pr\u00e1vo na\u00a0dopln\u011bn\u00ed a\u00a0zm\u011bnu<\/strong>\u00a0osobn\u00edch \u00fadaj\u016f.<\/p>\n<p><strong>Pr\u00e1vo na\u00a0omezen\u00ed zpracov\u00e1n\u00ed<\/strong> m\u016f\u017eete vyu\u017e\u00edt, pokud se domn\u00edv\u00e1te, \u017ee zpracov\u00e1v\u00e1m va\u0161e nep\u0159esn\u00e9 \u00fadaje, domn\u00edv\u00e1te se, \u017ee prov\u00e1d\u00edm zpracov\u00e1n\u00ed nez\u00e1konn\u011b, ale nechcete v\u0161echny \u00fadaje smazat nebo pokud jste vznesl n\u00e1mitku proti zpracov\u00e1n\u00ed.<br \/>Omezit m\u016f\u017eete rozsah osobn\u00edch \u00fadaj\u016f nebo \u00fa\u010del\u016f zpracov\u00e1n\u00ed. (Nap\u0159. odhl\u00e1\u0161en\u00edm z newsletteru omezujete \u00fa\u010del zpracov\u00e1n\u00ed pro zas\u00edl\u00e1n\u00ed obchodn\u00edch sd\u011blen\u00ed.)<\/p>\n<p><strong>Pr\u00e1vo na\u00a0p\u0159enositelnost<\/strong><br \/>Pokud byste cht\u011bli sv\u00e9 osobn\u00ed \u00fadaje vz\u00edt a p\u0159en\u00e9st k n\u011bkomu jin\u00e9mu, budeme postupovat stejn\u011b jako p\u0159i vyu\u017eit\u00ed pr\u00e1va na p\u0159\u00edstup &#8211; jen s t\u00edm rozd\u00edlem, \u017ee v\u00e1m informace po\u0161lu ve strojov\u011b \u010diteln\u00e9 podob\u011b. Tady pot\u0159ebuji alespo\u0148 14 dn\u00ed.<\/p>\n<p><strong>Pr\u00e1vo na\u00a0v\u00fdmaz (b\u00fdt zapomenut)<\/strong><br \/>Va\u0161\u00edm dal\u0161\u00edm pr\u00e1vem je pr\u00e1vo na v\u00fdmaz (b\u00fdt zapomenut). Nechci na v\u00e1s zapomenout, ale pokud si to budete p\u0159\u00e1t, m\u00e1te na to pr\u00e1vo. V takov\u00e9m p\u0159\u00edpad\u011b vyma\u017eu ve\u0161ker\u00e9 va\u0161e osobn\u00ed \u00fadaje od ze sv\u00e9ho syst\u00e9mu i ze syst\u00e9mu v\u0161ech d\u00edl\u010d\u00edch zpracovatel\u016f a z\u00e1loh. Na zaji\u0161t\u011bn\u00ed pr\u00e1va na v\u00fdmaz pot\u0159ebuji 14 dn\u00ed.<\/p>\n<p>V n\u011bkter\u00fdch p\u0159\u00edpadech jsem v\u00e1z\u00e1na z\u00e1konnou povinnost\u00ed, a nap\u0159. mus\u00edm evidovat vystaven\u00e9 da\u0148ov\u00e9 doklady po lh\u016ftu stanovenou z\u00e1konem. V tomto p\u0159\u00edpad\u011b tedy sma\u017eu v\u0161echny takov\u00e9 osobn\u00ed \u00fadaje, kter\u00e9 nejsou v\u00e1z\u00e1ny jin\u00fdm z\u00e1konem. O dokon\u010den\u00ed v\u00fdmazu v\u00e1s budu informovat na\u00a0e-mail.<\/p>\n<p><strong>St\u00ed\u017enost u\u00a0\u00da\u0159adu na\u00a0ochranu osobn\u00edch \u00fadaj\u016f<\/strong><\/p>\n<p>Pokud m\u00e1te pocit, \u017ee s va\u0161imi \u00fadaji nezach\u00e1z\u00edm v souladu se z\u00e1konem, m\u00e1te pr\u00e1vo se se svou st\u00ed\u017enost\u00ed kdykoli obr\u00e1tit na \u00da\u0159ad pro ochranu osobn\u00edch \u00fadaj\u016f. Budu moc r\u00e1da pokud nejprve budete o tomto podez\u0159en\u00ed informovat m\u011b, abych s\u00a0t\u00edm mohla n\u011bco ud\u011blat a\u00a0p\u0159\u00edpadn\u00e9 pochyben\u00ed napravit.<\/p>\n<p><strong>Odhl\u00e1\u0161en\u00ed ze zas\u00edl\u00e1n\u00ed newsletter\u016f a\u00a0obchodn\u00edch sd\u011blen\u00ed<\/strong><br \/>E-maily s inspirac\u00ed, \u010dl\u00e1nky \u010di produkty a slu\u017ebami v\u00e1m zas\u00edl\u00e1m jste-li m\u016fj z\u00e1kazn\u00edk na z\u00e1klad\u011b m\u00e9ho opr\u00e1vn\u011bn\u00e9ho z\u00e1jmu.<\/p>\n<p>Pokud z\u00e1kazn\u00edkem je\u0161t\u011b nejste, pos\u00edl\u00e1m v\u00e1m je jen na z\u00e1klad\u011b va\u0161eho souhlasu. V obou p\u0159\u00edpadech m\u016f\u017eete ukon\u010dit odb\u011br m\u00fdch e-mail\u016f stisknut\u00edm odhla\u0161ovac\u00edho odkazu v ka\u017ed\u00e9m zaslan\u00e9m e-mailu.<\/p>\n<p>&nbsp;<\/p>\n<p><strong>Ml\u010denlivost<\/strong><\/p>\n<p>Dovolujeme si V\u00e1s ujistit, \u017ee na\u0161i zam\u011bstnanci i spolupracovn\u00edci, kte\u0159\u00ed budou zpracov\u00e1vat Va\u0161e osobn\u00ed \u00fadaje, jsou povinni zachov\u00e1vat ml\u010denlivost o osobn\u00edch \u00fadaj\u00edch a o bezpe\u010dnostn\u00edch opat\u0159en\u00edch, jejich\u017e zve\u0159ejn\u011bn\u00ed by ohrozilo zabezpe\u010den\u00ed Va\u0161ich osobn\u00edch \u00fadaj\u016f. Tato\u00a0<strong>ml\u010denlivost p\u0159itom trv\u00e1 i po skon\u010den\u00ed z\u00e1vazkov\u00fdch <\/strong><strong>vztah\u016f s\u00a0n\u00e1mi.<\/strong> Bez va\u0161eho souhlasu nebudou va\u0161e osobn\u00ed \u00fadaje vyd\u00e1ny \u017e\u00e1dn\u00e9 jin\u00e9 t\u0159et\u00ed stran\u011b.<\/p>\n<p>Tyto z\u00e1sady zpracov\u00e1n\u00ed osobn\u00edch \u00fadaj\u016f plat\u00ed od 17.5.2022.<\/p>\n<p><em><strong>OCMC s.r.o.<\/strong><\/em><\/p>\n<p>Michaela Chramostov\u00e1, jednatelka<\/p>\n<\/div>\n\t<\/div>\r\n<\/div>\r\n\r\n\r\n\r\n\n\t\t\t<\/div> \n\t\t<\/div>\n\t<\/div> \n<\/div><\/div>","protected":false},"excerpt":{"rendered":"Informace o ochran\u011b osobn\u00edch \u00fadaj\u016f Pokud jste z\u00e1kazn\u00edkem, odb\u011bratelem novinek nebo n\u00e1v\u0161t\u011bvn\u00edkem webu, sv\u011b\u0159ujete mi sv\u00e9 osobn\u00ed \u00fadaje. J\u00e1 zodpov\u00edd\u00e1m za jejich ochranu a zabezpe\u010den\u00ed. Seznamte se, pros\u00edm, s ochranou osobn\u00edch \u00fadaj\u016f, z\u00e1sadami a pr\u00e1vy,...","protected":false},"author":1,"featured_media":0,"parent":0,"menu_order":0,"comment_status":"closed","ping_status":"open","template":"","meta":{"inline_featured_image":false,"footnotes":""},"class_list":["post-3","page","type-page","status-publish"],"rankMath":{"parentDomain":"goodmove.cz","noFollowDomains":[],"noFollowExcludeDomains":[],"noFollowExternalLinks":false,"featuredImageNotice":"\u041f\u043e\u043a\u0430\u0437\u0430\u043d\u043d\u043e\u0435 \u0438\u0437\u043e\u0431\u0440\u0430\u0436\u0435\u043d\u0438\u0435 \u0434\u043e\u043b\u0436\u043d\u043e \u0431\u044b\u0442\u044c \u0440\u0430\u0437\u043c\u0435\u0440\u043e\u043c \u043d\u0435 \u043c\u0435\u043d\u0435\u0435 200 \u043d\u0430 200 \u043f\u0438\u043a\u0441\u0435\u043b\u0435\u0439, \u0447\u0442\u043e\u0431\u044b \u0435\u0433\u043e \u043c\u043e\u0433\u043b\u0438 \u0443\u0432\u0438\u0434\u0435\u0442\u044c Facebook \u0438 \u0434\u0440\u0443\u0433\u0438\u0435 \u0441\u0430\u0439\u0442\u044b \u0441\u043e\u0446\u0438\u0430\u043b\u044c\u043d\u044b\u0445 \u0441\u0435\u0442\u0435\u0439.","pluginReviewed":true,"postSettings":{"linkSuggestions":true,"useFocusKeyword":false},"frontEndScore":false,"postName":"privacy-policy","permalinkFormat":"https:\/\/goodmove.cz\/ru\/%pagename%\/","showLockModifiedDate":true,"assessor":{"focusKeywordLink":"https:\/\/goodmove.cz\/wp-admin\/edit.php?focus_keyword=%focus_keyword%&post_type=%post_type%","hasTOCPlugin":false,"primaryTaxonomy":false,"serpData":{"title":"Ochrana osobn\u00edch \u00fadaj\u016f","description":"Ochrana osobn\u00edch \u00fadaj\u016f","focusKeywords":"Ochrana osobn\u00edch \u00fadaj\u016f","pillarContent":false,"canonicalUrl":"","breadcrumbTitle":"","advancedRobots":[],"facebookTitle":"","facebookDescription":"","facebookImage":"","facebookImageID":"","facebookHasOverlay":false,"facebookImageOverlay":"","facebookAuthor":"","twitterCardType":"","twitterUseFacebook":true,"twitterTitle":"","twitterDescription":"","twitterImage":"","twitterImageID":"","twitterHasOverlay":false,"twitterImageOverlay":"","twitterPlayerUrl":"","twitterPlayerSize":"","twitterPlayerStream":"","twitterPlayerStreamCtype":"","twitterAppDescription":"","twitterAppIphoneName":"","twitterAppIphoneID":"","twitterAppIphoneUrl":"","twitterAppIpadName":"","twitterAppIpadID":"","twitterAppIpadUrl":"","twitterAppGoogleplayName":"","twitterAppGoogleplayID":"","twitterAppGoogleplayUrl":"","twitterAppCountry":"","robots":{"index":true},"twitterAuthor":"\u0438\u043c\u044f \u043f\u043e\u043b\u044c\u0437\u043e\u0432\u0430\u0442\u0435\u043b\u044f","primaryTerm":0,"authorName":"admin","titleTemplate":"%title% %sep% %sitename%","descriptionTemplate":"%excerpt%","showScoreFrontend":true,"lockModifiedDate":false},"powerWords":[],"diacritics":{"A":"[\\u0410\\u0430]","B":"[\\u0411\\u0431]","V":"[\\u0412\\u0432]","G":"[\\u0413\\u0433]","D":"[\\u0414\\u0434]","YE":"[\\u0415\\u0435]","YO":"[\\u0401\\u0451]","ZH":"[\\u0416\\u0436]","Z":"[\\u0417\\u0437]","EE":"[\\u0418\\u0438]","YI":"[\\u0419\\u0439]","K":"[\\u041A\\u043A]","L":"[\\u041B\\u043B]","M":"[\\u041C\\u043c]","P":"[\\u041F\\u043F]","T":"[\\u0422\\u0442]","U":"[\\u0423\\u0443]","F":"[\\u0424\\u0444]","H":"[\\u0425\\u0445]","TS":"[\\u0426\\u0446]","CH":"[\\u0427\\u0447]","SH":"[\\u0428\\u0448\\u0429\\u0449]","I":"[\\u042B\\u044B]","E":"[\\u042D\\u044D]","YU":"[\\u042E\\u044E]","YA":"[\\u042F\\u044F]","N":"[\\u041D\\u043D]"},"researchesTests":["contentHasTOC","contentHasShortParagraphs","contentHasAssets","keywordInTitle","keywordInMetaDescription","keywordInPermalink","keywordIn10Percent","keywordInContent","keywordInSubheadings","keywordInImageAlt","keywordDensity","keywordNotUsed","lengthContent","lengthPermalink","linksHasInternal","linksHasExternals","linksNotAllExternals","titleStartWithKeyword","titleSentiment","titleHasPowerWords","titleHasNumber","hasContentAI"],"hasRedirection":false,"hasBreadcrumb":false},"homeUrl":"https:\/\/goodmove.cz\/ru","objectID":3,"objectType":"post","locale":"ru","localeFull":"ru_RU","overlayImages":{"play":{"name":"Play \u0438\u043a\u043e\u043d\u043a\u0430","url":"https:\/\/goodmove.cz\/wp-content\/plugins\/seo-by-rank-math\/assets\/admin\/img\/icon-play.png","path":"\/data\/web\/virtuals\/285551\/virtual\/www\/domains\/goodmove.cz\/wp-content\/plugins\/seo-by-rank-math\/assets\/admin\/img\/icon-play.png","position":"middle_center"},"gif":{"name":"GIF \u0438\u043a\u043e\u043d\u043a\u0430","url":"https:\/\/goodmove.cz\/wp-content\/plugins\/seo-by-rank-math\/assets\/admin\/img\/icon-gif.png","path":"\/data\/web\/virtuals\/285551\/virtual\/www\/domains\/goodmove.cz\/wp-content\/plugins\/seo-by-rank-math\/assets\/admin\/img\/icon-gif.png","position":"middle_center"}},"defautOgImage":"https:\/\/goodmove.cz\/wp-content\/plugins\/seo-by-rank-math\/assets\/admin\/img\/social-placeholder.jpg","customPermalinks":true,"isUserRegistered":true,"autoSuggestKeywords":true,"connectSiteUrl":"https:\/\/rankmath.com\/auth?site=https%3A%2F%2Fgoodmove.cz%2Fru&r=https%3A%2F%2Fgoodmove.cz%2Fru%2Fwp-json%2Fwp%2Fv2%2Fpages%2F3%3Fnonce%3D1c69ac6319","maxTags":5,"trendsIcon":"<svg viewBox=\"0 0 610 610\"><path d=\"M18.85,446,174.32,290.48l58.08,58.08L76.93,504a14.54,14.54,0,0,1-20.55,0L18.83,466.48a14.54,14.54,0,0,1,0-20.55Z\" style=\"fill:#4285f4\"\/><path d=\"M242.65,242.66,377.59,377.6l-47.75,47.75a14.54,14.54,0,0,1-20.55,0L174.37,290.43l47.75-47.75A14.52,14.52,0,0,1,242.65,242.66Z\" style=\"fill:#ea4335\"\/><polygon points=\"319.53 319.53 479.26 159.8 537.34 217.88 377.61 377.62 319.53 319.53\" style=\"fill:#fabb05\"\/><path d=\"M594.26,262.73V118.61h0a16.94,16.94,0,0,0-16.94-16.94H433.2a16.94,16.94,0,0,0-12,28.92L565.34,274.71h0a16.94,16.94,0,0,0,28.92-12Z\" style=\"fill:#34a853\"\/><rect width=\"610\" height=\"610\" style=\"fill:none\"\/><\/svg>","showScore":true,"siteFavIcon":"data:image\/png;base64,iVBORw0KGgoAAAANSUhEUgAAABAAAAAQCAYAAAAf8\/9hAAABs0lEQVR4AWL4\/\/8\/RRjO8Iucx+noO0MWUDo16FYABMGP6ZfUcRnWtm27jVPbtm3bttuH2t3eFPcY9pLz7NxiLjCyVd87pKnHyqXyxtCs8APd0rnyxiu4qSeA3QEDrAwBDrT1s1Rc\/OrjLZwqVmOSu6+Lamcpp2KKMA9PH1BYXMe1mUP5qotvXTywsOEEYHXxrY+3cqk6TMkYpNr2FeoY3KIr0RPtn9wQ2unlA+GMkRw6+9TFw4YTwDUzx\/JVvARj9KaedXRO8P5B1Du2S32smzqUrcKGEyA+uAgQjKX7zf0boWHGfn71jIKj2689gxp7OAGShNcBUmLMPVjZuiKcA2vuWHHDCQxMCz629kXAIU4ApY15QwggAFbfOP9DhgBJ+nWVJ1AZAfICAj1pAlY6hCADZnveQf7bQIwzVONGJonhLIlS9gr5mFg44Xd+4S3XHoGNPdJl1INIwKyEgHckEhgTe1bGiFY9GSFBYUwLh1IkiJUbY407E7syBSFxKTszEoiE\/YdrgCEayDmtaJwCI9uu8TKMuZSVfSa4BpGgzvomBR\/INhLGzrqDotp01ZR8pn\/1L0JN9d9XNyx0AAAAAElFTkSuQmCC","canUser":{"general":false,"advanced":false,"snippet":false,"social":false,"analysis":false,"analytics":false,"content_ai":false},"showKeywordIntent":true,"isPro":false,"is_front_page":false,"trendsUpgradeLink":"https:\/\/rankmath.com\/pricing\/?utm_source=Plugin&utm_medium=CE%20General%20Tab%20Trends&utm_campaign=WP","trendsUpgradeLabel":"\u0410\u043f\u0433\u0440\u0435\u0439\u0434","trendsPreviewImage":"https:\/\/goodmove.cz\/wp-content\/plugins\/seo-by-rank-math\/assets\/admin\/img\/trends-preview.jpg","currentEditor":false,"homepageData":{"assessor":{"powerWords":[],"diacritics":true,"researchesTests":["contentHasTOC","contentHasShortParagraphs","contentHasAssets","keywordInTitle","keywordInMetaDescription","keywordInPermalink","keywordIn10Percent","keywordInContent","keywordInSubheadings","keywordInImageAlt","keywordDensity","keywordNotUsed","lengthContent","lengthPermalink","linksHasInternal","linksHasExternals","linksNotAllExternals","titleStartWithKeyword","titleSentiment","titleHasPowerWords","titleHasNumber","hasContentAI"],"hasBreadcrumb":false,"serpData":{"title":"%sitename% %page% %sep% %sitedesc%","description":"","titleTemplate":"%sitename% %page% %sep% %sitedesc%","descriptionTemplate":"","focusKeywords":"","breadcrumbTitle":"Home","robots":{"index":true},"advancedRobots":[],"facebookTitle":"","facebookDescription":"","facebookImage":"","facebookImageID":""}}},"tocTitle":"Table of Contents","tocExcludeHeadings":[],"listStyle":"ul"},"_links":{"self":[{"href":"https:\/\/goodmove.cz\/ru\/wp-json\/wp\/v2\/pages\/3","targetHints":{"allow":["GET"]}}],"collection":[{"href":"https:\/\/goodmove.cz\/ru\/wp-json\/wp\/v2\/pages"}],"about":[{"href":"https:\/\/goodmove.cz\/ru\/wp-json\/wp\/v2\/types\/page"}],"author":[{"embeddable":true,"href":"https:\/\/goodmove.cz\/ru\/wp-json\/wp\/v2\/users\/1"}],"replies":[{"embeddable":true,"href":"https:\/\/goodmove.cz\/ru\/wp-json\/wp\/v2\/comments?post=3"}],"version-history":[{"count":1,"href":"https:\/\/goodmove.cz\/ru\/wp-json\/wp\/v2\/pages\/3\/revisions"}],"predecessor-version":[{"id":2722,"href":"https:\/\/goodmove.cz\/ru\/wp-json\/wp\/v2\/pages\/3\/revisions\/2722"}],"wp:attachment":[{"href":"https:\/\/goodmove.cz\/ru\/wp-json\/wp\/v2\/media?parent=3"}],"curies":[{"name":"wp","href":"https:\/\/api.w.org\/{rel}","templated":true}]}}